{"id":339,"date":"2023-12-12T08:05:44","date_gmt":"2023-12-12T11:05:44","guid":{"rendered":"https:\/\/site.sindihoteissj.org.br\/?page_id=339"},"modified":"2023-12-12T08:05:44","modified_gmt":"2023-12-12T11:05:44","slug":"cesumar","status":"publish","type":"page","link":"https:\/\/site.sindihoteissj.org.br\/index.php\/cesumar\/","title":{"rendered":"Cesumar"},"content":{"rendered":"\n<p><strong>CURSOS CESUMAR<\/strong><\/p>\n\n\n\n<p><strong>Administra\u00e7\u00e3o&nbsp;<\/strong><br>Curso Reconhecido pelo MEC | Portaria n\u00ba 227, de 22 de maio de 2013<br>Dura\u00e7\u00e3o: 4 anos<br>T\u00edtulo: Bacharel<br>Turno: Noturno<br>Carga hor\u00e1ria: 3.400 horas<br>Atividades complementares: 206 horas<br>Aula: quarta-feira<\/p>\n\n\n\n<p><strong>Agroneg\u00f3cio<\/strong><br>Diploma Reconhecido pelo MEC | Portaria n\u00ba 227, de 22 de maio de 2013<br>Dura\u00e7\u00e3o: 3 anos<br>T\u00edtulo: Tecn\u00f3logo<br>Turno: Noturno<br>Carga hor\u00e1ria: 2.600 horas<br>Atividades complementares: 156 horas<br>Aula: segunda-feira<\/p>\n\n\n\n<p><strong>An\u00e1lise e Desenvolvimento de Sistemas<\/strong><br>Autorizado: Resolu\u00e7\u00e3o CONSUNI 013\/2011 de 16\/09\/2011<br>Reconhecido: Portaria Normativa 40 de 12\/12\/2007 &#8211; D.O.U de 13\/12\/2007. Processo em tramita\u00e7\u00e3o &#8211;<br>Protocolado no EMEC &#8211; MEC: 201307364<br>Dura\u00e7\u00e3o: 2 anos e meio<br>T\u00edtulo: Tecn\u00f3logo<br>Turno: Noturno<br>Carga hor\u00e1ria: 2.200 horas<br>Atividades complementares: 132 horas<br>Aula: ter\u00e7a-feira<\/p>\n\n\n\n<p><strong>Ci\u00eancias Cont\u00e1beis<\/strong><br>Autorizado: Resolu\u00e7\u00e3o CONSUNI 006\/2008 de 09\/06\/2008<br>Reconhecido: Portaria Normativa 40 de 12\/12\/2007 &#8211; D.O.U de 13\/12\/2007. Processo em tramita\u00e7\u00e3o &#8211;<br>Protocolado no EMEC &#8211; MEC: 20109320<br>Dura\u00e7\u00e3o: 4 anos<br>T\u00edtulo: Bacharel<br>Turno: Noturno<br>Carga hor\u00e1ria: 3.400 horas<br>Atividades complementares: 204 horas<br>Aula: segunda-feira<\/p>\n\n\n\n<p><strong>Engenharia de Produ\u00e7\u00e3o<\/strong><br>AUTORIZADO: RESOLU\u00c7\u00c3O CONSUNI N\u00ba 029\/2014<br>Dura\u00e7\u00e3o: 5 anos<br>T\u00edtulo: Bacharel<br>Turno: Noturno<br>Carga hor\u00e1ria: 4.440 horas<br>Atividades complementares: 100 horas<br>Aula: Segunda feira<\/p>\n\n\n\n<p><strong>Engenharia de Software<\/strong><br>AUTORIZADO: RESOLU\u00c7\u00c3O CONSUNI N\u00ba 028\/2014<br>Dura\u00e7\u00e3o: 4 anos<br>T\u00edtulo: Bacharel<br>Turno: Noturno<br>Carga hor\u00e1ria: 3.500 horas<br>Atividades complementares: 100 horas<br>Aula: Ter\u00e7a feira&nbsp;<\/p>\n\n\n\n<p><strong>Gastronomia<\/strong><br>AUTORIZADO: RESOLU\u00c7\u00c3O CONSUNI N\u00ba 027\/2014<br>Dura\u00e7\u00e3o: 2 anos<br>T\u00edtulo: Tecn\u00f3logo<br>Turno: Noturno<br>Carga hor\u00e1ria: 1.900 horas<br>Atividades complementares: 114 horas<br>Aula: Quinta Feira<\/p>\n\n\n\n<p><strong>Gest\u00e3o Ambiental<\/strong><br>Autorizado: RESOLU\u00c7\u00c3O CONSUNI 011\/11 &#8211; 16\/9\/2011<br>Reconhecido: Portaria Normativa 40 de 12\/12\/2007 ? D.O.U de 13\/12\/2007<br>Dura\u00e7\u00e3o: 2 anos<br>T\u00edtulo: Tecn\u00f3logo<br>Turno: Noturno<br>Carga hor\u00e1ria: 1.800 horas<br>Atividades complementares: 108 horas<br>Aula: quinta-feira<\/p>\n\n\n\n<p><strong>Gest\u00e3o Comercial<\/strong><br>Autorizado: Resolu\u00e7\u00e3o CONSUNI 006\/2008 de 09\/06\/2008<br>Reconhecido: PORTARIA N\u00ba 225, DE 10 DE ABRIL DE 2014 D.O.U 11 de abril de 2014<br>dura\u00e7\u00e3o: 2 anos<br>T\u00edtulo: Tecn\u00f3logo<br>Turno: Noturno<br>Carga hor\u00e1ria: 1.800 horas<br>Atividades complementares: 108 horas<br>Aula: sexta-feira&nbsp;<\/p>\n\n\n\n<p><strong>Gest\u00e3o da Tecnologia da Informa\u00e7\u00e3o<br><\/strong>AUTORIZADO: RESOLU\u00c7\u00c3O CONSUNI N\u00ba 026\/2014<br>Dura\u00e7\u00e3o: 2 anos e meio<br>T\u00edtulo: Tecn\u00f3logo<br>Turno: Noturno<br>Carga hor\u00e1ria: 2.200 horas<br>Atividades complementares: 132 horas<br>Aula: Quinta feira&nbsp;<\/p>\n\n\n\n<p><strong>Gest\u00e3o de Recursos Humanos<\/strong><br>Diploma Reconhecido pelo MEC | Portaria n\u00ba 227, de 22 de maio de 2013<br>Dura\u00e7\u00e3o: 2 anos<br>T\u00edtulo: Tecn\u00f3logo<br>Turno: Noturno<br>Carga hor\u00e1ria: 1.800 horas<br>Atividades complementares: 108 horas<br>Aula: ter\u00e7a-feira<\/p>\n\n\n\n<p><strong>Gest\u00e3o Financeira<br><\/strong>Curso Reconhecido pelo MEC | Portaria n\u00ba 227, de 22 de maio de 2013<br>Dura\u00e7\u00e3o: 2 anos<br>T\u00edtulo: Tecn\u00f3logo<br>Turno: Noturno<br>Carga hor\u00e1ria: 1.800 horas<br>Atividades complementares: 108 horas<br>Aula: ter\u00e7a-feira<\/p>\n\n\n\n<p><strong>Gest\u00e3o P\u00fablica<\/strong><br>Reconhecido: Portaria n\u00ba 623, de 30 de outubro de 2014<br>Dura\u00e7\u00e3o: 2 anos<br>T\u00edtulo: Tecn\u00f3logo<br>Turno: Noturno<br>Carga hor\u00e1ria: 1.800 horas<br>Atividades complementares: 108 horas<br>Aula: segunda-feira<\/p>\n\n\n\n<p><strong>Licenciatura em Geografia<\/strong><br>AUTORIZADO: RESOLU\u00c7\u00c3O CONSUNI N\u00ba 020\/2013<br>Dura\u00e7\u00e3o: 3 anos<br>T\u00edtulo: Licenciado<br>Per\u00edodo: Noturno<br>Carga Hor\u00e1ria: 3.000 horas<br>Atividades Complementares: 200 horas<\/p>\n\n\n\n<p><strong>Licenciatura em Hist\u00f3ria<\/strong><br>AUTORIZADO: RESOLU\u00c7\u00c3O CONSUNI N\u00ba 021\/2013<br>Dura\u00e7\u00e3o: 3 anos<br>T\u00edtulo: Licenciado<br>Per\u00edodo: Noturno<br>Carga Hor\u00e1ria: 3.000 horas<br>Atividades Complementares: 200 horas<\/p>\n\n\n\n<p><strong>Licenciatura em Letras \u2013 Portugu\u00eas \u2013 Ingl\u00eas<\/strong><br>Autorizado: Resolu\u00e7\u00e3o CONSUNI 006\/2008 de 09\/06\/2008<br>Reconhecido: Portaria Normativa 40 de 12\/12\/2007 ? D.O.U de 13\/12\/2007. Processo em tramita\u00e7\u00e3o &#8211; Protocolado no EMEC ? MEC: 20109320<br>Dura\u00e7\u00e3o: tr\u00eas anos<br>T\u00edtulo: Licenciado<br>Turno: Noturno<br>Carga hor\u00e1ria: 3.000 horas<br>Atividades complementares: 200 horas<br>Aula:sexta-feira&nbsp;<\/p>\n\n\n\n<p><strong>Licenciatura em Matem\u00e1tica<\/strong><br>AUTORIZADO: RESOLU\u00c7\u00c3O CONSUNI N\u00ba 022\/2013<br>Dura\u00e7\u00e3o: 3 anos<br>T\u00edtulo: Licenciado<br>Per\u00edodo: Noturno<br>Carga Hor\u00e1ria: 3.000 horas<br>Atividades Complementares: 200 horas<br>Aulas:quarta-feira<\/p>\n\n\n\n<p><strong>Licenciatura e Pedagogia<\/strong><br>Diploma Reconhecido pelo MEC | Portaria n\u00ba 227, de 22 de maio de 2013<br>Dura\u00e7\u00e3o: 3 anos e meio<br>T\u00edtulo: Licenciado<br>Turno: Noturno<br>Carga hor\u00e1ria: 3.400 horas<br>Atividades complementares: 204 horas<br>Aula: quinta-feira<\/p>\n\n\n\n<p><strong>Log\u00edstica<\/strong><br>Autorizado: RESOLU\u00c7\u00c3O CONSUNI 011\/11 &#8211; 16\/9\/2011<br>Reconhecido: Portaria Normativa 40 de 12\/12\/2007 ? D.O.U de 13\/12\/2007<br>Dura\u00e7\u00e3o: 2 anos<br>T\u00edtulo: Tecn\u00f3logo<br>Turno: Noturno<br>Carga hor\u00e1ria: 1.800 horas<br>Atividades complementares: 108 horas<br>Aula: sexta-feira<\/p>\n\n\n\n<p><strong>Marketing<\/strong><br>Autorizado: RESOLU\u00c7\u00c3O CONSUNI 012\/2011 &#8211; 16\/09\/2011<br>Reconhecido: Portaria Normativa 40 de 12\/12\/2007 D.O.U de 13\/12\/2007<br>Dura\u00e7\u00e3o: 2 anos<br>T\u00edtulo: Tecn\u00f3logo<br>Turno: Noturno<br>Carga hor\u00e1ria: 1.800 horas<br>Atividades complementares: 108 horas<br>Aula: quarta-feira&nbsp;<\/p>\n\n\n\n<p><strong>Neg\u00f3cios Imobili\u00e1rios<\/strong><br>RESOLU\u00c7\u00c3O CONSUNI 011\/06 &#8211; 14\/08\/2006<br>Reconhecido: PORTARIA N\u00ba 225, DE 10 DE ABRIL DE 2014 D.O.U 11 de abril de 2014<br>Dura\u00e7\u00e3o: 2 anos<br>T\u00edtulo: Tecn\u00f3logo<br>Turno: Noturno<br>Carga hor\u00e1ria: 1.800 horas<br>Atividades complementares: 108 horas<br>Aula: sexta-feira<\/p>\n\n\n\n<p><strong>Processos Gerenciais<\/strong><br>Autorizado: Resolu\u00e7\u00e3o CONSUNI 006\/2008 de 09\/06\/2008<br>Reconhecido: PORTARIA N\u00ba 225, DE 10 DE ABRIL DE 2014 D.O.U 11 de abril de 2014<br>Dura\u00e7\u00e3o: 2 anos<br>T\u00edtulo: Tecn\u00f3logo<br>Turno: Noturno<br>Carga hor\u00e1ria: 1.800 horas<br>Atividades complementares: 108 horas<br>Aula: quarta-feira<\/p>\n\n\n\n<p><strong>Secretariado<\/strong><br>AUTORIZADO: RESOLU\u00c7\u00c3O CONSUNI N\u00ba 024\/2014<br>Dura\u00e7\u00e3o: 2 anos<br>T\u00edtulo: Tecn\u00f3logo<br>Turno: noturno<br>Carga hor\u00e1ria: 1800 horas<br>Atividade complementar: 108 horas<br>Aulas: Sexta feira&nbsp;<\/p>\n\n\n\n<p><strong>Seguran\u00e7a no Trabalho<\/strong><br>AUTORIZADO: RESOLU\u00c7\u00c3O CONSUNI N\u00ba 025\/2014<br>Dura\u00e7\u00e3o: 3 anos<br>T\u00edtulo: Tecn\u00f3logo<br>Turno: Noturno<br>Carga hor\u00e1ria: 2.700 horas<br>Atividade Complementar: 162 horas<br>Aula: Quarta feira<\/p>\n\n\n\n<p><strong>Servi\u00e7o Social<\/strong><br>AUTORIZADO: RESOLU\u00c7\u00c3O CONSUNI N\u00ba 023\/2013<br>Dura\u00e7\u00e3o: quatro anos<br>T\u00edtulo: Bacharel<br>Per\u00edodo: Matutino<br>Carga Hor\u00e1ria: 3.200 horas<br>Atividades Complementares: 200 horas<br>Aulas:&nbsp;S\u00e1bado per\u00edodo da manh\u00e3<\/p>\n\n\n\n<p><strong>Sistemas para Internet<\/strong><br>Autorizado: Resolu\u00e7\u00e3o CONSUNI 014\/2011 de 16\/09\/2011<br>Reconhecido: Portaria Normativa 40 de 12\/12\/2007 &#8211; D.O.U de 13\/12\/2007. Processo em tramita\u00e7\u00e3o &#8211;<br>Protocolado no EMEC &#8211; MEC: 201307368<br>Dura\u00e7\u00e3o: 2 anos e meio<br>T\u00edtulo: Tecn\u00f3logo<br>Turno: Noturno<br>Carga hor\u00e1ria: 2.200 horas<br>Atividades complementares: 132 horas<br>Aula: ter\u00e7a-feira<\/p>\n","protected":false},"excerpt":{"rendered":"<p>CURSOS CESUMAR Administra\u00e7\u00e3o&nbsp;Curso Reconhecido pelo MEC | Portaria n\u00ba 227, de 22 de maio de 2013Dura\u00e7\u00e3o: 4 anosT\u00edtulo: BacharelTurno: NoturnoCarga hor\u00e1ria: 3.400 horasAtividades complementares: 206 horasAula: quarta-feira Agroneg\u00f3cioDiploma Reconhecido pelo MEC | Portaria n\u00ba 227, de 22 de maio de 2013Dura\u00e7\u00e3o: 3 anosT\u00edtulo: Tecn\u00f3logoTurno: NoturnoCarga hor\u00e1ria: 2.600 horasAtividades complementares: 156 horasAula: segunda-feira An\u00e1lise e Desenvolvimento [&hellip;]<\/p>\n","protected":false},"author":1,"featured_media":0,"parent":0,"menu_order":0,"comment_status":"closed","ping_status":"closed","template":"","meta":{"footnotes":""},"class_list":["post-339","page","type-page","status-publish","hentry"],"_links":{"self":[{"href":"https:\/\/site.sindihoteissj.org.br\/index.php\/wp-json\/wp\/v2\/pages\/339","targetHints":{"allow":["GET"]}}],"collection":[{"href":"https:\/\/site.sindihoteissj.org.br\/index.php\/wp-json\/wp\/v2\/pages"}],"about":[{"href":"https:\/\/site.sindihoteissj.org.br\/index.php\/wp-json\/wp\/v2\/types\/page"}],"author":[{"embeddable":true,"href":"https:\/\/site.sindihoteissj.org.br\/index.php\/wp-json\/wp\/v2\/users\/1"}],"replies":[{"embeddable":true,"href":"https:\/\/site.sindihoteissj.org.br\/index.php\/wp-json\/wp\/v2\/comments?post=339"}],"version-history":[{"count":1,"href":"https:\/\/site.sindihoteissj.org.br\/index.php\/wp-json\/wp\/v2\/pages\/339\/revisions"}],"predecessor-version":[{"id":340,"href":"https:\/\/site.sindihoteissj.org.br\/index.php\/wp-json\/wp\/v2\/pages\/339\/revisions\/340"}],"wp:attachment":[{"href":"https:\/\/site.sindihoteissj.org.br\/index.php\/wp-json\/wp\/v2\/media?parent=339"}],"curies":[{"name":"wp","href":"https:\/\/api.w.org\/{rel}","templated":true}]}}