{"id":253,"date":"2023-12-11T20:12:21","date_gmt":"2023-12-11T23:12:21","guid":{"rendered":"https:\/\/site.sindihoteissj.org.br\/?page_id=253"},"modified":"2024-07-09T18:44:54","modified_gmt":"2024-07-09T21:44:54","slug":"homologacoes","status":"publish","type":"page","link":"https:\/\/site.sindihoteissj.org.br\/index.php\/homologacoes\/","title":{"rendered":"Homologa\u00e7\u00f5es"},"content":{"rendered":"\n<p class=\"has-text-align-center has-large-font-size\">&nbsp;<strong><mark style=\"background-color:rgba(0, 0, 0, 0)\" class=\"has-inline-color has-colibri-color-6-color\">COMUNICADO<\/mark><\/strong><\/p>\n\n\n\n<p><strong>A homologa\u00e7\u00e3o de rescis\u00e3o de contrato de trabalho deve ser previamente agendada, pelo telefone 3028-4441 ou pelo email\u00a0<a href=\"mailto:sonia@sindihoteissj.org.br\">sonia@sindihoteissj.org.br<\/a><\/strong>\u00a0<\/p>\n\n\n\n<p><strong>Condi\u00e7\u00f5es necess\u00e1rias para Homologa\u00e7\u00e3o de Rescis\u00e3o<\/strong>&nbsp;<\/p>\n\n\n\n<p><strong>CL\u00c1USULA D\u00c9CIMA QUARTA \u2013 HOMOLOGA\u00c7\u00c3O DE RESCIS\u00d5ES DE CONTRATO DE TRABALHO COM MAIS DE UM ANO DE DURA\u00c7\u00c3O<\/strong><\/p>\n\n\n\n<p><strong>Nos contratos de trabalho com mais de doze meses de dura\u00e7\u00e3o \u00e9 obrigat\u00f3ria a homologa\u00e7\u00e3o da respectiva rescis\u00e3o<\/strong>&nbsp;<\/p>\n\n\n\n<p><strong>pelo Sindicato Profissional<\/strong>, mediante apresenta\u00e7\u00e3o dos documentos relacionados abaixo:<\/p>\n\n\n\n<p><strong>1.&nbsp;<\/strong>Termo de Rescis\u00e3o Contratual em cinco vias;<\/p>\n\n\n\n<p><strong>2.&nbsp;<\/strong>CTPS &#8211; Carteira de Trabalho e Previd\u00eancia Social, devidamente&nbsp;1.&nbsp;atualizada;<\/p>\n\n\n\n<p><strong>2.3<\/strong><strong>&nbsp;<\/strong>Carta de Demiss\u00e3o em 3 vias (aviso pr\u00e9vio, pedido de demiss\u00e3o ou dispensa por justa causa);<\/p>\n\n\n\n<p><strong>3.4&nbsp;<\/strong>Extrato anal\u00edtico do FGTS ou para fins Rescis\u00f3rios, emitido pela CNS\/CEF, e guias de recolhimento e RE&nbsp;<\/p>\n\n\n\n<p>comprovando valores n\u00e3o dispon\u00edveis em extrato;<\/p>\n\n\n\n<p><strong>4<\/strong>.<strong>5.&nbsp;<\/strong>GRFC &#8211; Guia de Recolhimento da multa sobre o FGTS;<\/p>\n\n\n\n<p><strong>5.6.&nbsp;<\/strong>Comunicado de Dispensa (CD) para fins de Seguro-Desemprego (exceto na aposentadoria, dispensa por&nbsp;justa causa e pedido de demiss\u00e3o);&nbsp;<\/p>\n\n\n\n<p><strong>6<\/strong>.&nbsp;<strong>7.&nbsp;<\/strong>Atestado de Sa\u00fade Ocupacional\/Demissional;&nbsp;<\/p>\n\n\n\n<p><strong>7<\/strong>.&nbsp;<strong>8.&nbsp;<\/strong>Atos constitutivos e altera\u00e7\u00f5es ou documento de representa\u00e7\u00e3o da empresa;<\/p>\n\n\n\n<p><strong>8.9.&nbsp;<\/strong>Comprova\u00e7\u00e3o do pagamento das f\u00e9rias dos per\u00edodos anteriores \u00e0 data de demiss\u00e3o ou documentos que&nbsp;comprovem a perda do per\u00edodo;<\/p>\n\n\n\n<p><strong>9.<\/strong><strong>10.&nbsp;<\/strong>Comprova\u00e7\u00e3o de descontos efetuados na rescis\u00e3o (adiantamento, falta, etc);<\/p>\n\n\n\n<p><strong>10.11.&nbsp;<\/strong>Apresenta\u00e7\u00e3o das guias de recolhimento da Contribui\u00e7\u00e3o\/Imposto Sindical Profissional e Patronal dos 2&nbsp;anos anteriores \u00e0 data de desligamento do empregado, sob pena de pagamento de multa no valor&nbsp;equivalente e de comunica\u00e7\u00e3o do fato ao sindicato patronal. Constituir\u00e1 t\u00edtulo executivo da obriga\u00e7\u00e3o o&nbsp;comunicado feito pelo Sindicato Profissional.&nbsp;<\/p>\n\n\n\n<p><strong>11<\/strong>.&nbsp;<strong>12.&nbsp;<\/strong>RAIS do ano-base imediatamente anterior;&nbsp;<\/p>\n\n\n\n<p><strong>12.13.&nbsp;<\/strong>Documento demonstrativo das parcelas vari\u00e1veis, consideradas para o c\u00e1lculo dos valores pagos na&nbsp;Rescis\u00e3o \u2013 (Ficha Financeira, Recibo de Sal\u00e1rio, etc).&nbsp;<\/p>\n\n\n\n<p><strong>14.1&nbsp;<\/strong>&#8211; Nos contratos com menos de um ano de dura\u00e7\u00e3o \u00e9 facultada a homologa\u00e7\u00e3o perante o Sindicato Profissional,&nbsp;nos termos previstos nesta cl\u00e1usula.&nbsp;<\/p>\n\n\n\n<p><strong>14.2&nbsp;<\/strong>A assist\u00eancia na homologa\u00e7\u00e3o do Termo de Rescis\u00e3o do Contrato de Trabalho tem como prop\u00f3sito revestir de&nbsp;seguran\u00e7a jur\u00eddica as rela\u00e7\u00f5es de trabalho e evitar desnecess\u00e1rias a\u00e7\u00f5es judiciais decorrentes da falta de orienta\u00e7\u00e3o&nbsp;ao empregado e ao empregador.&nbsp;<\/p>\n\n\n\n<p><strong>14.3<\/strong>. O pagamento dos valores constantes do Termo de Rescis\u00e3o Contratual ou recibo de quita\u00e7\u00e3o dever\u00e1 ser feito&nbsp;em moeda corrente, ordem banc\u00e1ria de cr\u00e9dito, transfer\u00eancia eletr\u00f4nica ou dep\u00f3sito banc\u00e1rio em conta corrente ou&nbsp;poupan\u00e7a do empregado, facultada a utiliza\u00e7\u00e3o da conta n\u00e3o moviment\u00e1vel \u2013 conta sal\u00e1rio, prevista na&nbsp;Resolu\u00e7\u00e3o n\u00ba&nbsp;3.402\/2006, do Banco Central do Brasil que dever\u00e3o ser efetuados at\u00e9 dez dias contados a partir do t\u00e9rmino do&nbsp;<\/p>\n\n\n\n<p>contrato (\u00a76\u00aa do artigo 477 da CLT), sob pena de pagamento da multa a favor do empregado, em valor equivalente&nbsp;ao seu sal\u00e1rio (\u00a7 8\u00ba do artigo 477 da CLT) salvo quando, comprovadamente, o trabalhador der causa \u00e0 mora. No&nbsp;mesmo prazo e sob as mesmas penas devem ser entregues ao empregado os documentos que comprovem a&nbsp;rescis\u00e3o.<\/p>\n\n\n\n<p><strong>14.4&nbsp;<\/strong>Se houver justo motivo e desde que o pagamento e entrega de documentos ao empregado tenham ocorrido nos&nbsp;dez dias previstos no item 15.4, a homologa\u00e7\u00e3o da rescis\u00e3o poder\u00e1 ser feita nos dez dias subsequentes.&nbsp;<\/p>\n\n\n\n<p><strong>14.5&nbsp;<\/strong>A falta dos documentos relacionados nesta cl\u00e1usula impossibilita a homologa\u00e7\u00e3o.&nbsp;<\/p>\n\n\n\n<p><strong>14.6&nbsp;<\/strong>A falta de homologa\u00e7\u00e3o dos contratos de trabalho nas condi\u00e7\u00f5es previstas nesta cl\u00e1usula implica pagamento de&nbsp;multa de meio piso salarial em favor da entidade sindical dos empregados.<\/p>\n","protected":false},"excerpt":{"rendered":"<p>&nbsp;COMUNICADO A homologa\u00e7\u00e3o de rescis\u00e3o de contrato de trabalho deve ser previamente agendada, pelo telefone 3028-4441 ou pelo email\u00a0sonia@sindihoteissj.org.br\u00a0 Condi\u00e7\u00f5es necess\u00e1rias para Homologa\u00e7\u00e3o de Rescis\u00e3o&nbsp; CL\u00c1USULA D\u00c9CIMA QUARTA \u2013 HOMOLOGA\u00c7\u00c3O DE RESCIS\u00d5ES DE CONTRATO DE TRABALHO COM MAIS DE UM ANO DE DURA\u00c7\u00c3O Nos contratos de trabalho com mais de doze meses de dura\u00e7\u00e3o \u00e9 [&hellip;]<\/p>\n","protected":false},"author":1,"featured_media":0,"parent":0,"menu_order":0,"comment_status":"closed","ping_status":"closed","template":"","meta":{"footnotes":""},"class_list":["post-253","page","type-page","status-publish","hentry"],"_links":{"self":[{"href":"https:\/\/site.sindihoteissj.org.br\/index.php\/wp-json\/wp\/v2\/pages\/253","targetHints":{"allow":["GET"]}}],"collection":[{"href":"https:\/\/site.sindihoteissj.org.br\/index.php\/wp-json\/wp\/v2\/pages"}],"about":[{"href":"https:\/\/site.sindihoteissj.org.br\/index.php\/wp-json\/wp\/v2\/types\/page"}],"author":[{"embeddable":true,"href":"https:\/\/site.sindihoteissj.org.br\/index.php\/wp-json\/wp\/v2\/users\/1"}],"replies":[{"embeddable":true,"href":"https:\/\/site.sindihoteissj.org.br\/index.php\/wp-json\/wp\/v2\/comments?post=253"}],"version-history":[{"count":2,"href":"https:\/\/site.sindihoteissj.org.br\/index.php\/wp-json\/wp\/v2\/pages\/253\/revisions"}],"predecessor-version":[{"id":496,"href":"https:\/\/site.sindihoteissj.org.br\/index.php\/wp-json\/wp\/v2\/pages\/253\/revisions\/496"}],"wp:attachment":[{"href":"https:\/\/site.sindihoteissj.org.br\/index.php\/wp-json\/wp\/v2\/media?parent=253"}],"curies":[{"name":"wp","href":"https:\/\/api.w.org\/{rel}","templated":true}]}}