{"id":168,"date":"2023-12-11T19:59:24","date_gmt":"2023-12-11T22:59:24","guid":{"rendered":"https:\/\/site.sindihoteissj.org.br\/?page_id=168"},"modified":"2025-11-27T15:28:08","modified_gmt":"2025-11-27T18:28:08","slug":"o-sindicato","status":"publish","type":"page","link":"https:\/\/site.sindihoteissj.org.br\/index.php\/o-sindicato\/","title":{"rendered":"O Sindicato"},"content":{"rendered":"\n<p>Fundado em 21 de janeiro de 2009 por&nbsp;S\u00f4nia Regina Barcelos Vidal, Antoninho Fabr\u00edcio, Eugenio Lopes Buch, Ademir Valmor Steimbach, Arleide Aparecida C\u00f3rdova, Zilda Hilda Garcia Flor, Dalvino Medeiros, Odilon Meurer, Circe Amorim da Silva, Itamar Carlos Silva Filho, Odir Bruggemann, Maisa Fernandes Vicente Rosa, Jazilda Alves e Maria Goreti&nbsp;Prim Becker, Trabalhadores das categorias profissionais que representa, ou seja, Trabalhadores em Hot\u00e9is, Mot\u00e9is, Apart-hot\u00e9is, Restaurantes, Bares, Churrascarias, Fast-food, Pizzarias, Casas de Ch\u00e1, Sorveterias, Confeitarias, Caf\u00e9s, Leiterias, Botequins, Bombonieres, Pens\u00f5es, Campings, Lanchonetes, Hospedarias, Resort, Clubes \u201cBoites\u201d, Casas de Divers\u00f5es, Lanchonetes de Restaurantes e Supermercados, de Padarias com venda no varejo, o&nbsp;<strong>SINDICATO DOS EMPREGADOS NO COM\u00c9RCIO HOTELEIRO, RESTAURANTES, BARES E LANCHONETES DE S\u00c3O JOS\u00c9 E REGI\u00c3O \u2013 SINDIHOT\u00c9IS\/SJ<\/strong>&nbsp;nasceu da necessidade dos trabalhadores terem uma melhor prote\u00e7\u00e3o de seus direitos tendo em vista o grande crescimento da Hotelaria e das demais atividades afins na regi\u00e3o.<\/p>\n\n\n\n<p>Nasceu com a vis\u00e3o do futuro de que a base territorial abrangida, Munic\u00edpios de \u00c1guas Mornas, Angelina, Anit\u00e1polis, Ant\u00f4nio Carlos, Bigua\u00e7\u00fa, Garopaba, Governador Celso Ramos, Palho\u00e7a, Paulo Lopes, Rancho Queimado, Santo Amaro da Imperatriz, S\u00e3o Bonif\u00e1cio, S\u00e3o Jos\u00e9 e S\u00e3o Pedro de Alc\u00e2ntara, det\u00e9m o grande potencial de desenvolvimento da Hotelaria nos seus mais diversos ramos e peculiaridades e com este crescimento fatalmente vir\u00e3o investimentos para as \u00e1reas meio e fim, gerando in\u00fameros postos de trabalho em toda a Regi\u00e3o.<\/p>\n\n\n\n<p>Objetiva o&nbsp;<strong>SINDIHOT\u00c9IS\/SJ<\/strong>&nbsp;a agrega\u00e7\u00e3o de todos os Profissionais da Categoria, conscientizando-os da necessidade e import\u00e2ncia de sua Associa\u00e7\u00e3o, pois somente ela unida pode realmente reivindicar direitos e conquistar benef\u00edcios, n\u00e3o esquecendo, jamais de sua responsabilidade institucional no amparo e defesa do trabalhador.<\/p>\n\n\n\n<p>Atendimento: de segunda a quinta feira, das 08hs30 \u00e0s 12hs e das 13hs \u00e0s 16hs30.<\/p>\n","protected":false},"excerpt":{"rendered":"<p>Fundado em 21 de janeiro de 2009 por&nbsp;S\u00f4nia Regina Barcelos Vidal, Antoninho Fabr\u00edcio, Eugenio Lopes Buch, Ademir Valmor Steimbach, Arleide Aparecida C\u00f3rdova, Zilda Hilda Garcia Flor, Dalvino Medeiros, Odilon Meurer, Circe Amorim da Silva, Itamar Carlos Silva Filho, Odir Bruggemann, Maisa Fernandes Vicente Rosa, Jazilda Alves e Maria Goreti&nbsp;Prim Becker, Trabalhadores das categorias profissionais que [&hellip;]<\/p>\n","protected":false},"author":1,"featured_media":0,"parent":0,"menu_order":0,"comment_status":"closed","ping_status":"closed","template":"","meta":{"footnotes":""},"class_list":["post-168","page","type-page","status-publish","hentry"],"_links":{"self":[{"href":"https:\/\/site.sindihoteissj.org.br\/index.php\/wp-json\/wp\/v2\/pages\/168","targetHints":{"allow":["GET"]}}],"collection":[{"href":"https:\/\/site.sindihoteissj.org.br\/index.php\/wp-json\/wp\/v2\/pages"}],"about":[{"href":"https:\/\/site.sindihoteissj.org.br\/index.php\/wp-json\/wp\/v2\/types\/page"}],"author":[{"embeddable":true,"href":"https:\/\/site.sindihoteissj.org.br\/index.php\/wp-json\/wp\/v2\/users\/1"}],"replies":[{"embeddable":true,"href":"https:\/\/site.sindihoteissj.org.br\/index.php\/wp-json\/wp\/v2\/comments?post=168"}],"version-history":[{"count":2,"href":"https:\/\/site.sindihoteissj.org.br\/index.php\/wp-json\/wp\/v2\/pages\/168\/revisions"}],"predecessor-version":[{"id":627,"href":"https:\/\/site.sindihoteissj.org.br\/index.php\/wp-json\/wp\/v2\/pages\/168\/revisions\/627"}],"wp:attachment":[{"href":"https:\/\/site.sindihoteissj.org.br\/index.php\/wp-json\/wp\/v2\/media?parent=168"}],"curies":[{"name":"wp","href":"https:\/\/api.w.org\/{rel}","templated":true}]}}