{"id":161,"date":"2023-12-11T19:53:55","date_gmt":"2023-12-11T22:53:55","guid":{"rendered":"https:\/\/site.sindihoteissj.org.br\/?page_id=161"},"modified":"2024-07-10T11:22:13","modified_gmt":"2024-07-10T14:22:13","slug":"assessoria-juridica","status":"publish","type":"page","link":"https:\/\/site.sindihoteissj.org.br\/index.php\/assessoria-juridica\/","title":{"rendered":"Assessoria Jur\u00eddica"},"content":{"rendered":"\n<figure class=\"wp-block-table\"><table><tbody><tr><td><strong>Links Orienta\u00e7\u00e3o Jur\u00eddica\u00a0<\/strong><br><br><strong>COMUNICADO PISO SALARIAL 2018<br><\/strong><br><strong>AVISO PR\u00c9VIO LEI 12.506\/2011<\/strong>\u00a0<br><br><strong><a href=\"https:\/\/site.sindihoteissj.org.br\/wp-content\/uploads\/2023\/12\/LEI_N_12_997.pdf\">LEI N\u00ba 12.997, DE 18 JUNHO DE 2014<\/a><\/strong><br><br><strong><a href=\"https:\/\/site.sindihoteissj.org.br\/index.php\/feriados-oficiais\/\" data-type=\"link\" data-id=\"https:\/\/site.sindihoteissj.org.br\/index.php\/feriados-oficiais\/\">FERIADOS OFICIAIS<\/a><\/strong>\u00a0<\/td><\/tr><tr><td>&nbsp;<strong>ASSESSORIA JUR\u00cdDICA Atendimento: &nbsp;<\/strong><br><br><strong>segundas , ter\u00e7as e quintas-feiras.agendamento atrav\u00e9s do telefone (48) 99821-5123 (whatsApp)&nbsp;<\/strong><br><br><strong>Avenida L\u00e9dio Jo\u00e3o Martins, Centro Empresarial Kobrasol, n\u00ba 554, sala 311, Kobrasol, S\u00e3o Jos\u00e9\/SC, CEP: 88.101-100<br>Telefone: (48) 3024-8513<\/strong><\/td><\/tr><\/tbody><\/table><\/figure>\n","protected":false},"excerpt":{"rendered":"<p>Links Orienta\u00e7\u00e3o Jur\u00eddica\u00a0 COMUNICADO PISO SALARIAL 2018AVISO PR\u00c9VIO LEI 12.506\/2011\u00a0 LEI N\u00ba 12.997, DE 18 JUNHO DE 2014 FERIADOS OFICIAIS\u00a0 &nbsp;ASSESSORIA JUR\u00cdDICA Atendimento: &nbsp; segundas , ter\u00e7as e quintas-feiras.agendamento atrav\u00e9s do telefone (48) 99821-5123 (whatsApp)&nbsp; Avenida L\u00e9dio Jo\u00e3o Martins, Centro Empresarial Kobrasol, n\u00ba 554, sala 311, Kobrasol, S\u00e3o Jos\u00e9\/SC, CEP: 88.101-100Telefone: (48) 3024-8513<\/p>\n","protected":false},"author":1,"featured_media":0,"parent":0,"menu_order":0,"comment_status":"closed","ping_status":"closed","template":"","meta":{"footnotes":""},"class_list":["post-161","page","type-page","status-publish","hentry"],"_links":{"self":[{"href":"https:\/\/site.sindihoteissj.org.br\/index.php\/wp-json\/wp\/v2\/pages\/161","targetHints":{"allow":["GET"]}}],"collection":[{"href":"https:\/\/site.sindihoteissj.org.br\/index.php\/wp-json\/wp\/v2\/pages"}],"about":[{"href":"https:\/\/site.sindihoteissj.org.br\/index.php\/wp-json\/wp\/v2\/types\/page"}],"author":[{"embeddable":true,"href":"https:\/\/site.sindihoteissj.org.br\/index.php\/wp-json\/wp\/v2\/users\/1"}],"replies":[{"embeddable":true,"href":"https:\/\/site.sindihoteissj.org.br\/index.php\/wp-json\/wp\/v2\/comments?post=161"}],"version-history":[{"count":3,"href":"https:\/\/site.sindihoteissj.org.br\/index.php\/wp-json\/wp\/v2\/pages\/161\/revisions"}],"predecessor-version":[{"id":511,"href":"https:\/\/site.sindihoteissj.org.br\/index.php\/wp-json\/wp\/v2\/pages\/161\/revisions\/511"}],"wp:attachment":[{"href":"https:\/\/site.sindihoteissj.org.br\/index.php\/wp-json\/wp\/v2\/media?parent=161"}],"curies":[{"name":"wp","href":"https:\/\/api.w.org\/{rel}","templated":true}]}}