{"id":156,"date":"2023-12-11T19:46:43","date_gmt":"2023-12-11T22:46:43","guid":{"rendered":"https:\/\/site.sindihoteissj.org.br\/?page_id=156"},"modified":"2024-07-09T18:32:54","modified_gmt":"2024-07-09T21:32:54","slug":"diretoria","status":"publish","type":"page","link":"https:\/\/site.sindihoteissj.org.br\/index.php\/diretoria\/","title":{"rendered":"Diretoria"},"content":{"rendered":"\n<p><strong>MEMBROS DIRIGENTES<\/strong><\/p>\n\n\n\n<p>PROCESSO MTE 46220.002145\/2009-06<\/p>\n\n\n\n<p><\/p>\n\n\n\n<figure class=\"wp-block-table aligncenter\"><table><tbody><tr><td>S\u00f4nia Regina Barcelos Vidal&nbsp; &nbsp; &nbsp; &nbsp; &nbsp; &nbsp; &nbsp; &nbsp; &nbsp; &nbsp; &nbsp; &nbsp;<\/td><td>Presidente<\/td><\/tr><tr><td>Antoninho Fabr\u00edcio<\/td><td>Vice-Presidente<\/td><\/tr><tr><td>Pedro Flavio Barcelos<\/td><td>Secret\u00e1rio Geral<\/td><\/tr><tr><td>Berenice da Rosa da Paz<\/td><td>Tesoureiro<\/td><\/tr><tr><td>Dalvino Medeiros<\/td><td>Suplente da Diretoria<\/td><\/tr><tr><td>Francisco de Assis Ventura<\/td><td>Suplente da Diretoria<\/td><\/tr><tr><td>Itamar Carlos Silva Filho<\/td><td>Suplente da Diretoria<\/td><\/tr><tr><td>Jaison Fernando da Silva<\/td><td>Suplente da Diretoria<\/td><\/tr><tr><td>Odir Bruggemann<\/td><td>Conselho Fiscal Efetivo<\/td><\/tr><tr><td>Simone Sandes Henrique Guimaraes<\/td><td>Conselho Fiscal Efetivo<\/td><\/tr><tr><td>Clarice Iva Cavalheiro<\/td><td>Conselho Fiscal Efetivo<\/td><\/tr><tr><td>Eliane Lemoni<\/td><td>Conselho Fiscal Suplente<\/td><\/tr><tr><td>Ademir Valmor Steimbach<\/td><td>Conselho Fiscal Suplente<\/td><\/tr><tr><td>S\u00f4nia Regina Barcelos Vidal<\/td><td>Delegada Representante Junto \u00e0 Federa\u00e7\u00e3o Efetivo<\/td><\/tr><tr><td>Antoninho Fabricio<\/td><td>Delegado Representante Junto \u00e0 Federa\u00e7\u00e3o Efetivo<\/td><\/tr><tr><td>Pedro Flavio Barcelos<\/td><td>Delegada Representante Junto \u00e0 Federa\u00e7\u00e3o Suplente<\/td><\/tr><tr><td>Francisco de Assis Ventura<\/td><td>Delegada Representante Junto \u00e0 Federa\u00e7\u00e3o Suplente<\/td><\/tr><\/tbody><\/table><\/figure>\n\n\n\n<p class=\"has-text-align-center\">________________________________________________________________________________________________<\/p>\n\n\n\n<p><\/p>\n\n\n\n<p><\/p>\n\n\n<div class=\"wp-block-image\">\n<figure class=\"aligncenter size-large\"><img loading=\"lazy\" decoding=\"async\" width=\"602\" height=\"1024\" src=\"https:\/\/site.sindihoteissj.org.br\/wp-content\/uploads\/2023\/12\/img048-602x1024.jpeg\" alt=\"\" class=\"wp-image-157\" srcset=\"https:\/\/site.sindihoteissj.org.br\/wp-content\/uploads\/2023\/12\/img048-602x1024.jpeg 602w, https:\/\/site.sindihoteissj.org.br\/wp-content\/uploads\/2023\/12\/img048-176x300.jpeg 176w, https:\/\/site.sindihoteissj.org.br\/wp-content\/uploads\/2023\/12\/img048-768x1306.jpeg 768w, https:\/\/site.sindihoteissj.org.br\/wp-content\/uploads\/2023\/12\/img048-903x1536.jpeg 903w, https:\/\/site.sindihoteissj.org.br\/wp-content\/uploads\/2023\/12\/img048.jpeg 968w\" sizes=\"auto, (max-width: 602px) 100vw, 602px\" \/><\/figure>\n<\/div>","protected":false},"excerpt":{"rendered":"<p>MEMBROS DIRIGENTES PROCESSO MTE 46220.002145\/2009-06 S\u00f4nia Regina Barcelos Vidal&nbsp; &nbsp; &nbsp; &nbsp; &nbsp; &nbsp; &nbsp; &nbsp; &nbsp; &nbsp; &nbsp; &nbsp; Presidente Antoninho Fabr\u00edcio Vice-Presidente Pedro Flavio Barcelos Secret\u00e1rio Geral Berenice da Rosa da Paz Tesoureiro Dalvino Medeiros Suplente da Diretoria Francisco de Assis Ventura Suplente da Diretoria Itamar Carlos Silva Filho Suplente da Diretoria Jaison [&hellip;]<\/p>\n","protected":false},"author":1,"featured_media":0,"parent":0,"menu_order":0,"comment_status":"closed","ping_status":"closed","template":"","meta":{"footnotes":""},"class_list":["post-156","page","type-page","status-publish","hentry"],"_links":{"self":[{"href":"https:\/\/site.sindihoteissj.org.br\/index.php\/wp-json\/wp\/v2\/pages\/156","targetHints":{"allow":["GET"]}}],"collection":[{"href":"https:\/\/site.sindihoteissj.org.br\/index.php\/wp-json\/wp\/v2\/pages"}],"about":[{"href":"https:\/\/site.sindihoteissj.org.br\/index.php\/wp-json\/wp\/v2\/types\/page"}],"author":[{"embeddable":true,"href":"https:\/\/site.sindihoteissj.org.br\/index.php\/wp-json\/wp\/v2\/users\/1"}],"replies":[{"embeddable":true,"href":"https:\/\/site.sindihoteissj.org.br\/index.php\/wp-json\/wp\/v2\/comments?post=156"}],"version-history":[{"count":5,"href":"https:\/\/site.sindihoteissj.org.br\/index.php\/wp-json\/wp\/v2\/pages\/156\/revisions"}],"predecessor-version":[{"id":491,"href":"https:\/\/site.sindihoteissj.org.br\/index.php\/wp-json\/wp\/v2\/pages\/156\/revisions\/491"}],"wp:attachment":[{"href":"https:\/\/site.sindihoteissj.org.br\/index.php\/wp-json\/wp\/v2\/media?parent=156"}],"curies":[{"name":"wp","href":"https:\/\/api.w.org\/{rel}","templated":true}]}}