{"id":154,"date":"2023-12-11T19:43:44","date_gmt":"2023-12-11T22:43:44","guid":{"rendered":"https:\/\/site.sindihoteissj.org.br\/?page_id=154"},"modified":"2024-06-13T10:16:27","modified_gmt":"2024-06-13T13:16:27","slug":"emissao-de-guias","status":"publish","type":"page","link":"https:\/\/site.sindihoteissj.org.br\/index.php\/emissao-de-guias\/","title":{"rendered":"Emiss\u00e3o de Guias"},"content":{"rendered":"\n<p>CONTRIBUI\u00c7\u00d5ES E MENSALIDADES<\/p>\n\n\n\n<p>O&nbsp;<strong>SINDIHOT\u00c9IS SJ&nbsp;<\/strong>, com o objetivo de facilitar a forma de pagamento das Contribui\u00e7\u00f5es, inclusive de Mensalidades, por parte das Empresas, implantou novo sistema de cobran\u00e7a &#8220;ProsindWeb&#8221;, sistema este que permite a emiss\u00e3o dos &#8220;Boletos&#8221; via Site.<\/p>\n\n\n\n<p>Salientamos que esses pagamentos, poder\u00e3o ser efetuados em toda Rede Banc\u00e1ria, sendo que ap\u00f3s o vencimento se faz necess\u00e1rio que o devedor mantenha contato com este Sindicato (Setor Financeiro), para reemiss\u00e3o do boleto, com as devidas corre\u00e7\u00f5es e, se for o caso com multa, corre\u00e7\u00e3o monet\u00e1ria e juros, conforme Consolida\u00e7\u00e3o das Leis do Trabalho e Conven\u00e7\u00e3o Coletiva de Trabalho.<\/p>\n\n\n\n<p>Qualquer d\u00favida estamos a disposi\u00e7\u00e3o nos seguintes meios:<\/p>\n\n\n\n<p><strong>SEDE: (048) \u2013 3028-4441 ou pelos emails:<\/strong>&nbsp;<a href=\"mailto:secretaria@sindihoteissj.org.br\">secretaria@sindihoteissj.org.br<\/a>&nbsp;\u2013&nbsp;<a href=\"mailto:homologacao@sindihoteissj.org.br\">homologacao@sindihoteissj.org.br<\/a>&nbsp;\u2013&nbsp;<a href=\"mailto:contato@sindihoteissj.org.br\">contato@sindihoteissj.org.br<\/a><br>&nbsp;&nbsp;&nbsp;&nbsp;&nbsp;&nbsp;<\/p>\n\n\n\n<p><strong>INSTRU\u00c7\u00d5ES PARA EMISS\u00c3O DOS \u201cBOLETOS\u201d VIA SITE<\/strong><\/p>\n\n\n\n<p>1\u00ba &#8211; Entre no Site&nbsp;<strong>www.sindihoteissj.org.br<\/strong><\/p>\n\n\n\n<p>2\u00ba &#8211; Selecione a op\u00e7\u00e3o Emiss\u00e3o de Guias<\/p>\n\n\n\n<p>3\u00ba &#8211; Escolha a op\u00e7\u00e3o Empresa ou Escrit\u00f3rio e preencha o n\u00ba.do CNPJ ou CEI (somente n\u00bas);<\/p>\n\n\n\n<p>4\u00ba &#8211; Crie a senha (letras e\/ou n\u00bas) da Empresa, sendo que essa senha servir\u00e1 tamb\u00e9m para os futuros acessos;<\/p>\n\n\n\n<p>5\u00ba &#8211; Verifique os dados cadastrais e sua atualiza\u00e7\u00e3o, sendo que em caso de necess\u00e1ria altera\u00e7\u00e3o, esta dever\u00e1 ser solicitada ao Sindicato;<\/p>\n\n\n\n<p>6\u00ba &#8211; Para Empresas escolher a op\u00e7\u00e3o Contribui\u00e7\u00f5es e Imprimir;<\/p>\n\n\n\n<p><\/p>\n\n\n\n<p class=\"has-text-align-center\"><a href=\"https:\/\/sweb.diretasistemas.com.br\/prosindweb\/index.php?sind=1156\">Emiss\u00e3o de<\/a> <a href=\"https:\/\/sweb.diretasistemas.com.br\/prosindweb\/index.php?sind=1156\">Guias<\/a><\/p>\n","protected":false},"excerpt":{"rendered":"<p>CONTRIBUI\u00c7\u00d5ES E MENSALIDADES O&nbsp;SINDIHOT\u00c9IS SJ&nbsp;, com o objetivo de facilitar a forma de pagamento das Contribui\u00e7\u00f5es, inclusive de Mensalidades, por parte das Empresas, implantou novo sistema de cobran\u00e7a &#8220;ProsindWeb&#8221;, sistema este que permite a emiss\u00e3o dos &#8220;Boletos&#8221; via Site. Salientamos que esses pagamentos, poder\u00e3o ser efetuados em toda Rede Banc\u00e1ria, sendo que ap\u00f3s o vencimento [&hellip;]<\/p>\n","protected":false},"author":1,"featured_media":0,"parent":0,"menu_order":0,"comment_status":"closed","ping_status":"closed","template":"","meta":{"footnotes":""},"class_list":["post-154","page","type-page","status-publish","hentry"],"_links":{"self":[{"href":"https:\/\/site.sindihoteissj.org.br\/index.php\/wp-json\/wp\/v2\/pages\/154","targetHints":{"allow":["GET"]}}],"collection":[{"href":"https:\/\/site.sindihoteissj.org.br\/index.php\/wp-json\/wp\/v2\/pages"}],"about":[{"href":"https:\/\/site.sindihoteissj.org.br\/index.php\/wp-json\/wp\/v2\/types\/page"}],"author":[{"embeddable":true,"href":"https:\/\/site.sindihoteissj.org.br\/index.php\/wp-json\/wp\/v2\/users\/1"}],"replies":[{"embeddable":true,"href":"https:\/\/site.sindihoteissj.org.br\/index.php\/wp-json\/wp\/v2\/comments?post=154"}],"version-history":[{"count":2,"href":"https:\/\/site.sindihoteissj.org.br\/index.php\/wp-json\/wp\/v2\/pages\/154\/revisions"}],"predecessor-version":[{"id":488,"href":"https:\/\/site.sindihoteissj.org.br\/index.php\/wp-json\/wp\/v2\/pages\/154\/revisions\/488"}],"wp:attachment":[{"href":"https:\/\/site.sindihoteissj.org.br\/index.php\/wp-json\/wp\/v2\/media?parent=154"}],"curies":[{"name":"wp","href":"https:\/\/api.w.org\/{rel}","templated":true}]}}